{"id":18,"date":"2017-08-10T15:28:26","date_gmt":"2017-08-10T13:28:26","guid":{"rendered":"http:\/\/katiayoga.fr\/?page_id=18"},"modified":"2020-09-23T08:26:10","modified_gmt":"2020-09-23T06:26:10","slug":"a-propos-de","status":"publish","type":"page","link":"https:\/\/katiayoga.fr\/index.php\/a-propos-de\/","title":{"rendered":"Qui suis je&#8230;"},"content":{"rendered":"<p><strong>Je suis form\u00e9e et dipl\u00f4m\u00e9e de L&rsquo;EIDYT (\u00c9cole Internationale du Yoga Traditionnel) qui est l&rsquo;\u00e9cole de formation de la F\u00e9d\u00e9ration Fran\u00e7aise de Hatha Yoga (FFHY).<br \/>\n<\/strong>Je pratique le Hatha-Yoga depuis 2000 et travaille en tant que professeur depuis 2008.<br \/>\nDipl\u00f4m\u00e9e \u00e9galement en Yoga Nidra \u00c9cole de Satyananda.<br \/>\nForm\u00e9e \u00e0 la m\u00e9ditation de pleine conscience MBSR de Kabat Zinn et au Yoga sans d\u00e9gats de B. De Gasquet.<\/p>\n<p><strong>Qu&rsquo;est ce que le Yoga ?<br \/>\n<\/strong><\/p>\n<p>Le yoga est une science mill\u00e9naire.<br \/>\n\u00c0 l\u2019origine le yoga s\u2019est d\u00e9velopp\u00e9 en tant que discipline spirituelle, mais tr\u00e8s vite il a \u00e9t\u00e9 per\u00e7u comme une science, un art et une philosophie.<br \/>\nMais ses adeptes ont tr\u00e8s vite r\u00e9alis\u00e9\u00a0 qu\u2019il \u00e9tait aussi source de sant\u00e9, de calme et d\u2019\u00e9quilibre&#8230; en d\u2019autres termes, que le yoga contribuait \u00e0 la fois \u00e0 la paix int\u00e9rieure et \u00e0 l\u2019harmonie avec notre environnement.<br \/>\nLe mot yoga vient de la racine sanskrite \u00ab\u00a0yug\u00a0\u00bb qui a au moins 3 sens\u00a0: union, contr\u00f4le et int\u00e9gration.<br \/>\nLe terme yoga traduit un \u00e9quilibre ayant pour finalit\u00e9 l\u2019int\u00e9gration de la personnalit\u00e9 et son d\u00e9veloppement harmonieux, c.\u00e0.d. installer une non-dualit\u00e9, la paix en soi.<br \/>\nL\u2019enseignement du yoga a \u00e9t\u00e9 codifi\u00e9 par Patanjali, philosophe et sage indien dans les yoga sutra. Il indique 8 \u00e9tapes (ashtanga) qui visent \u00e0 \u00e9quilibrer l\u2019\u00eatre humain \u00e0 travers un cheminement qui va de l\u2019ext\u00e9rieur vers l\u2019int\u00e9rieur.<br \/>\nLe Yoga ne repose pas sur la comp\u00e9tition, chacun travaille pour soi en fonction de ces capacit\u00e9s. Une pratique r\u00e9guli\u00e8re m\u00e8ne \u00e0 la connaissance de soi qui permet \u00e0 chacun d\u2019\u00e9voluer.<\/p>\n<p><strong>Qu&rsquo;est ce que le Hatha-Yoga ?<\/strong><\/p>\n<p>Le Hatha-Yoga traditionnel indien consiste \u00e0 encha\u00eener des postures (asana) en conjuguant un travail du souffle (pranayama) et de relaxation, 3 \u00e9tapes cl\u00e9s qui permettent d\u2019acc\u00e9der \u00e0 un bien-\u00eatre physique et mental.<br \/>\nC\u2019est un travail complet sur le corps et l\u2019esprit conduisant \u00e0 une prise de conscience de tout son \u00eatre, \u00e0 l\u2019\u00e9panouissement et \u00e0 la maitrise de soi.<\/p>\n<p>Ha symbolise le soleil, la force positive, le masculin, le physique<br \/>\nTha symbolise la lune, la force n\u00e9gative, le f\u00e9minin, le psychique<\/p>\n<p>Hatha-yoga c\u2019est l\u2019union du soleil et de la lune c.\u00e0.d. tous les aspects \u00ab\u00a0duels\u00a0\u00bb de l\u2019\u00eatre humain. Il s\u2019agit de trouver un \u00e9quilibre entre l\u2019effort et la d\u00e9tente, le mouvement et l\u2019immobilit\u00e9, l\u2019inspir et l\u2019expir, le faire et le non-faire&#8230;<\/p>\n<p>&nbsp;<\/p>\n<p><strong>Quels sont les bienfaits du Yoga ?<\/strong><\/p>\n<p>Les bienfaits du yoga sont nombreux\u00a0:<br \/>\n&#8211; sur le plan physique, l\u2019\u00e9l\u00e8ve acquiert une r\u00e9appropriation de son corps, une certaine souplesse et permet \u00e9galement une am\u00e9lioration des fonctions vitales,<br \/>\n&#8211; sur le plan psychologique, la pratique du yoga am\u00e8ne une ma\u00eetrise de son esprit et de ses \u00e9motions, ainsi qu\u2019une grande d\u00e9tente. Il r\u00e9duit ainsi le stress et am\u00e9liore la concentration.<\/p>\n<p>Je finirai par une citation de swami Sivananda\u00a0:<br \/>\n<strong>\u00ab Une once de pratique vaut mieux qu\u2019une tonne de th\u00e9orie. \u00bb<\/strong><\/p>\n<p>&nbsp;<\/p>\n<div id=\"ffenetremailtomailModal\" style=\"z-index: 1102;\">\n<div id=\"ffenetremailtopopupModalMail\">\n<div id=\"ffenetremailtotoModalClose\"><\/div>\n<div id=\"ffenetremailtopopupQuestion\">What do you want to do ?<\/div>\n<p><a id=\"ffenetremailtoemailOpen\"><\/a>New mail<button id=\"ffenetremailtobuttonEmail\">Copy<\/button><textarea id=\"ffenetremailtotextArea\"><\/textarea><\/div>\n<\/div>\n<div><img \/><\/div>\n","protected":false},"excerpt":{"rendered":"<p>Je suis form\u00e9e et dipl\u00f4m\u00e9e de L&rsquo;EIDYT (\u00c9cole Internationale du Yoga Traditionnel) qui est l&rsquo;\u00e9cole de formation de la F\u00e9d\u00e9ration Fran\u00e7aise de Hatha Yoga (FFHY). Je pratique le Hatha-Yoga depuis 2000 et travaille en tant que professeur depuis 2008. Dipl\u00f4m\u00e9e \u00e9galement en Yoga Nidra \u00c9cole de Satyananda. Form\u00e9e \u00e0 la m\u00e9ditation de pleine conscience MBSR &hellip; <\/p>\n<p class=\"link-more\"><a href=\"https:\/\/katiayoga.fr\/index.php\/a-propos-de\/\" class=\"more-link\">Continuer la lecture<span class=\"screen-reader-text\"> de &laquo;&nbsp;Qui suis je&#8230;&nbsp;&raquo;<\/span><\/a><\/p>\n","protected":false},"author":1,"featured_media":44,"parent":0,"menu_order":0,"comment_status":"closed","ping_status":"closed","template":"","meta":{"footnotes":""},"_links":{"self":[{"href":"https:\/\/katiayoga.fr\/index.php\/wp-json\/wp\/v2\/pages\/18"}],"collection":[{"href":"https:\/\/katiayoga.fr\/index.php\/wp-json\/wp\/v2\/pages"}],"about":[{"href":"https:\/\/katiayoga.fr\/index.php\/wp-json\/wp\/v2\/types\/page"}],"author":[{"embeddable":true,"href":"https:\/\/katiayoga.fr\/index.php\/wp-json\/wp\/v2\/users\/1"}],"replies":[{"embeddable":true,"href":"https:\/\/katiayoga.fr\/index.php\/wp-json\/wp\/v2\/comments?post=18"}],"version-history":[{"count":7,"href":"https:\/\/katiayoga.fr\/index.php\/wp-json\/wp\/v2\/pages\/18\/revisions"}],"predecessor-version":[{"id":67,"href":"https:\/\/katiayoga.fr\/index.php\/wp-json\/wp\/v2\/pages\/18\/revisions\/67"}],"wp:featuredmedia":[{"embeddable":true,"href":"https:\/\/katiayoga.fr\/index.php\/wp-json\/wp\/v2\/media\/44"}],"wp:attachment":[{"href":"https:\/\/katiayoga.fr\/index.php\/wp-json\/wp\/v2\/media?parent=18"}],"curies":[{"name":"wp","href":"https:\/\/api.w.org\/{rel}","templated":true}]}}